{"id":15908,"date":"2016-02-06T18:05:09","date_gmt":"2016-02-06T17:05:09","guid":{"rendered":"http:\/\/www.medovlog.com\/services\/?lang=it"},"modified":"2018-10-06T10:30:31","modified_gmt":"2018-10-06T08:30:31","slug":"services","status":"publish","type":"page","link":"https:\/\/www.medovlog.com\/it\/services\/","title":{"rendered":"Servizi"},"content":{"rendered":"<div class=\"wpb-content-wrapper\"><p>[vc_row css_animation=&#8221;&#8221; row_type=&#8221;row&#8221; use_row_as_full_screen_section=&#8221;no&#8221; type=&#8221;grid&#8221; angled_section=&#8221;no&#8221; text_align=&#8221;left&#8221; background_image_as_pattern=&#8221;without_pattern&#8221;][vc_column][vc_empty_space height=&#8221;50&#8243;][vc_separator type=&#8221;normal&#8221; color=&#8221;#eaeaea&#8221; up=&#8221;10&#8243; down=&#8221;10&#8243;][vc_column_text css=&#8221;.vc_custom_1464084504496{background-color: #f9f9f9 !important;}&#8221;]<\/p>\n<h3 class=\"p1\" style=\"text-align: center;\"><span class=\"s1\">TRASPORTI VIA AEREA<\/span><\/h3>\n<p>[\/vc_column_text][vc_separator type=&#8221;normal&#8221; color=&#8221;#eaeaea&#8221; up=&#8221;10&#8243; down=&#8221;10&#8243;][vc_column_text]<img loading=\"lazy\" decoding=\"async\" class=\"alignleft wp-image-15990 size-medium\" src=\"https:\/\/www.medovlog.com\/wp-content\/uploads\/2018\/10\/iata-300x99.jpg\" alt=\"Medov Logistics srl is a IATA Accredited Agent, has access to thousands of daily flights at most competitive rates, in ordedr to ship in the most economic, fast and reliable way.\" width=\"300\" height=\"99\" srcset=\"https:\/\/www.medovlog.com\/wp-content\/uploads\/2018\/10\/iata-300x99.jpg 300w, https:\/\/www.medovlog.com\/wp-content\/uploads\/2018\/10\/iata-768x252.jpg 768w, https:\/\/www.medovlog.com\/wp-content\/uploads\/2018\/10\/iata-700x230.jpg 700w, https:\/\/www.medovlog.com\/wp-content\/uploads\/2018\/10\/iata.jpg 935w\" sizes=\"auto, (max-width: 300px) 100vw, 300px\" \/><\/p>\n<p class=\"p1\"><span class=\"s1\">Le spedizioni aeree non sono tutte uguali, talvolta \u00e8 necessaria la massima velocit\u00e0, talvolta bisogna semplicemente risparmiare sui costi. <strong>Medov Logistics<\/strong> \u00e8 in grado di ottimizzare il trasporto in base alle vostre necessit\u00e0, offrendo anche un costante controllo real time dello stato della spedizione dalla partenza alla consegna al destinatario.<\/span><\/p>\n<p class=\"p1\"><span class=\"s1\"><strong>Medov Logistics Srl \u00e8 Agente accreditato IATA<\/strong> , ha accesso a migliaia di voli giornalieri alle tariffe pi\u00f9 competitive, per trasportare in maniera veloce, efficace ed economica.<\/span><\/p>\n<p class=\"p1\"><span class=\"s1\">IATA, International Air Transport Association, \u00e8 un&#8217;associazione commerciale che rappresenta quasi 300 Compagnie Aeree, coprendo pi\u00f9 dell&#8217;80% del traffico aereo mondiale.<\/span><\/p>\n<p class=\"p1\"><span class=\"s1\">Essere Agente accreditato IATA significa avere implementato al nostro interno standard di qualit\u00e0 per la sicurezza della merce e competenza delle formalit\u00e0 e problematiche di tutti gli aeroporti mondiali.<\/span><\/p>\n<p class=\"p1\"><span class=\"s1\">Le spedizioni delle merci sono coperte dalle nostre polizze e vengono monitorate da un efficace sistema di tracking con le compagnie aeree.<\/span><\/p>\n<p class=\"p1\"><span class=\"s1\">Siamo specializzati anche nella gestione delle merci pericolose, redazione della shipper&#8217;s declaration for dangerous goods e imballaggio della merce pericolosa in contenitori omologati.<\/span><\/p>\n<p class=\"p1\"><span class=\"s1\">Le nostre spedizioni possono essere dirette o consolidate in modo da ottimizzare i costi del trasporto sulle tratte in cui le Compagnie ci riservano allotments dedicati.<\/span><\/p>\n<p class=\"p1\"><span class=\"s1\">Il nostro magazzino \u00e8 addestrato nella gestione-reimballo dei principali materiali pericolosi e non.<\/span><\/p>\n<p class=\"p1\"><span class=\"s1\">Siamo in grado di gestire le merci deperibili e farmaci mediante appositi contenitori frigo.<\/span><\/p>\n<p class=\"p1\"><span class=\"s1\">Possiamo fornire servizi door to door per le spedizioni da e per i principali aeroporti mondiali.<\/span><\/p>\n<p>[\/vc_column_text][vc_empty_space height=&#8221;50&#8243;][vc_separator type=&#8221;normal&#8221; color=&#8221;#eaeaea&#8221; up=&#8221;10&#8243; down=&#8221;10&#8243;][vc_column_text css=&#8221;.vc_custom_1464084552084{background-color: #f9f9f9 !important;}&#8221;]<\/p>\n<h3 class=\"p1\" style=\"text-align: center;\"><span class=\"s1\">LOGISTICA INTEGRATA<\/span><\/h3>\n<p>[\/vc_column_text][vc_separator type=&#8221;normal&#8221; color=&#8221;#eaeaea&#8221; up=&#8221;10&#8243; down=&#8221;10&#8243;][vc_column_text]<\/p>\n<p class=\"p1\"><span class=\"s1\"><strong>Medov Logistics<\/strong> fornisce soluzioni logistiche complete per produttori, importatori e societ\u00e0 commerciali. Programmiamo, sviluppiamo e gestiamo strategie e processi logistici per ogni settore e su misura. Il nostro ampio portafoglio di servizi garantisce soluzioni complete per tutte le esigenze. Con\u00a0 i nostri magazzini e centri logistici facilitiamo la continuit\u00e0 della gestione della catena di approvvigionamento in tutto il mondo.<\/span><\/p>\n<p>[\/vc_column_text][vc_empty_space height=&#8221;50&#8243;][vc_separator type=&#8221;normal&#8221; color=&#8221;#eaeaea&#8221; up=&#8221;10&#8243; down=&#8221;10&#8243;][vc_column_text css=&#8221;.vc_custom_1464084615754{background-color: #f9f9f9 !important;}&#8221;]<\/p>\n<h3 class=\"p1\" style=\"text-align: center;\"><span class=\"s1\">DOGANA<\/span><\/h3>\n<p>[\/vc_column_text][vc_separator type=&#8221;normal&#8221; color=&#8221;#eaeaea&#8221; up=&#8221;10&#8243; down=&#8221;10&#8243;][vc_column_text]<\/p>\n<p class=\"p1\"><span class=\"s1\"><strong>Medov Logistics<\/strong> \u00e8 in grado di gestire tutti i complicati processi doganali. Grazie alla nostra esperienza ben conosciamo\u00a0 i requisiti della documentazione da produrre e possiamo risolvere eventuali problemi legali ed assicurativi. Con <strong>Medov Logistics<\/strong>, si pu\u00f2 essere sicuri che l&#8217; iter delle operazioni doganali sar\u00e0 veloce, efficiente e trasparente, scongiurando problemi, ritardi\u00a0 e spese inutili.<\/span><\/p>\n<p>[\/vc_column_text][vc_empty_space height=&#8221;50&#8243;][vc_separator type=&#8221;normal&#8221; color=&#8221;#eaeaea&#8221; up=&#8221;10&#8243; down=&#8221;10&#8243;][vc_column_text css=&#8221;.vc_custom_1454779126062{background-color: #f9f9f9 !important;}&#8221;]<\/p>\n<h3 style=\"text-align: center;\">Handcarry<\/h3>\n<p>[\/vc_column_text][vc_separator type=&#8221;normal&#8221; color=&#8221;#eaeaea&#8221; up=&#8221;10&#8243; down=&#8221;10&#8243;][vc_column_text]Siamo in grado di fornire il servizio dedicato di &#8221; handcarry &#8220;, cio\u00e8 il trasporto aereo accompagnato, conosciuto anche come &#8220;corriere a bordo&#8221; .<br \/>\nIn caso di estrema urgenza, il nostro personale qualificato \u00e8 pronto all&#8217;imbarco sul primo volo disponibile, raggiunge la destinazione richiesta e procede alla consegna della merce, trasportata come bagaglio a mano, al destinatario.[\/vc_column_text][vc_empty_space height=&#8221;50&#8243;][vc_separator type=&#8221;normal&#8221; color=&#8221;#eaeaea&#8221; up=&#8221;10&#8243; down=&#8221;10&#8243;][vc_column_text css=&#8221;.vc_custom_1464084707852{background-color: #f9f9f9 !important;}&#8221;]<\/p>\n<h3 style=\"text-align: center;\">Logistica<\/h3>\n<p>[\/vc_column_text][vc_separator type=&#8221;normal&#8221; color=&#8221;#eaeaea&#8221; up=&#8221;10&#8243; down=&#8221;10&#8243;][vc_column_text]Forniamo i seguenti servizi logistici:<\/p>\n<ul>\n<li>Spedizione<\/li>\n<li>Ricezione, etichettatura, neutralizzazione e stoccaggio<\/li>\n<li>Magazzinaggio e gestione delle scorte di tutte le spedizioni<\/li>\n<li>Gestione e distribuzione dei resi<\/li>\n<li>Servizio corrieristico, LCL groupage e FCL<\/li>\n<li>Riconfezionamento<\/li>\n<\/ul>\n<p>[\/vc_column_text][vc_empty_space height=&#8221;50&#8243;][vc_separator type=&#8221;normal&#8221; color=&#8221;#eaeaea&#8221; up=&#8221;10&#8243; down=&#8221;10&#8243;][vc_column_text css=&#8221;.vc_custom_1464084776940{background-color: #f9f9f9 !important;}&#8221;]<\/p>\n<h3 style=\"text-align: center;\">Trasporti ferroviari<\/h3>\n<p>[\/vc_column_text][vc_separator type=&#8221;normal&#8221; color=&#8221;#eaeaea&#8221; up=&#8221;10&#8243; down=&#8221;10&#8243;][vc_column_text]<\/p>\n<p class=\"p1\"><span class=\"s1\"><strong>Medov Logistic<\/strong>s \u00e8 in grado di offrire collegamenti settimanali tra l&#8217;Asia e l&#8217;Europa.<\/span><\/p>\n<p>[\/vc_column_text][vc_empty_space height=&#8221;50&#8243;][vc_separator type=&#8221;normal&#8221; color=&#8221;#eaeaea&#8221; up=&#8221;10&#8243; down=&#8221;10&#8243;][vc_column_text css=&#8221;.vc_custom_1464084823484{background-color: #f9f9f9 !important;}&#8221;]<\/p>\n<h3 style=\"text-align: center;\">Traslochi<\/h3>\n<p>[\/vc_column_text][vc_separator type=&#8221;normal&#8221; color=&#8221;#eaeaea&#8221; up=&#8221;10&#8243; down=&#8221;10&#8243;][vc_column_text]<strong>Medov Logistics<\/strong> offre un servizio di trasloco professionale da porta a porta in tutto il mondo .<br \/>\nIl nostro staff \u00e8 competente ed altamente qualificato per gestire vari tipi di trasloco. Che si tratti di un trasferimento di attivit\u00e0 produttiva o di effetti personali, sia nazionale che all&#8217; estero, siamo in grado di rendere il processo senza stress e lineare.<br \/>\nPossiamo trasferire qualsiasi collo, da un paio di scatoloni ad una fabbrica intera. Abbiamo servizi adatti a tutte le vostre esigenze, incluso l&#8217; imballaggio e lo stoccaggio.[\/vc_column_text][vc_empty_space height=&#8221;50&#8243;][vc_separator type=&#8221;normal&#8221; color=&#8221;#eaeaea&#8221; up=&#8221;10&#8243; down=&#8221;10&#8243;][vc_column_text css=&#8221;.vc_custom_1464084871079{background-color: #f9f9f9 !important;}&#8221;]<\/p>\n<h3 class=\"p1\" style=\"text-align: center;\"><span class=\"s1\">TRASPORTI SU STRADA<\/span><\/h3>\n<p>[\/vc_column_text][vc_separator type=&#8221;normal&#8221; color=&#8221;#eaeaea&#8221; up=&#8221;10&#8243; down=&#8221;10&#8243;][vc_column_text]<\/p>\n<p class=\"p1\"><span class=\"s1\">Nonostante la crescita e la diversificazione dei nostri servizi, il trasporto su strada rimane uno dei nostri \u00a0servizi fondamentali. <strong>Medov Logistics<\/strong> ha una flotta di camion sparsi in quattro continenti. La nostra esperienza ci permette di fornire sempre al cliente soluzioni ottimali e su misura. Chi si affida a <strong>Medov Logistics<\/strong> ottiene la massima qualit\u00e0 del servizio: velocit\u00e0, efficienza ed un&#8217;attenta gestione del trasporto.<\/span><\/p>\n<p>[\/vc_column_text][vc_empty_space height=&#8221;50&#8243;][vc_separator type=&#8221;normal&#8221; color=&#8221;#eaeaea&#8221; up=&#8221;10&#8243; down=&#8221;10&#8243;][vc_column_text css=&#8221;.vc_custom_1464281223701{background-color: #f9f9f9 !important;}&#8221;]<\/p>\n<h3 class=\"p1\" style=\"text-align: center;\"><span class=\"s1\">TRASPORTI VIA MARE<\/span><\/h3>\n<p>[\/vc_column_text][vc_separator type=&#8221;normal&#8221; color=&#8221;#eaeaea&#8221; up=&#8221;10&#8243; down=&#8221;10&#8243;][vc_column_text]Gli oltre 50 anni di esperienza del gruppo, collaborazioni con tutte le principali compagnie di navigazione e la nostra rete globale ci consentono di fornire soluzioni di trasporto marittimo efficienti ed affidabili da e per tutti i porti del mondo. Container completi (FCL) e groupage (LCL) possono essere consegnati da porto a porto o sino alla destinazione finale. Ci occupiamo della gestione della documentazione e di ogni aspetto legato alle import\/export delle vostre, incluso quello doganale :<\/p>\n<ul>\n<li>Servizio LCL: la nostra rete gestisce il consolidamento delle vostre spedizioni da Genova, Amburgo e Miami secondo un calendario fisso, con partenze frequenti, a prezzi competitivi. I tempi sono ridotti al minimo avendo gestione diretta del carico. Organizziamo la consegna all&#8217; indirizzo finale e monitoriamo lo stato di avanzamento di ogni spedizione in tempo reale;<\/li>\n<li>Servizio FCL: Collaboriamo con i vettori pi\u00f9 importanti. La nostra gestione centralizzata permette di offrire la tempestivit\u00e0, flessibilit\u00e0, affidabilit\u00e0 e partenze frequenti per tutte le destinazioni. Garantiamo tempistica ottimale per il carico e la consegna delle merci.<\/li>\n<\/ul>\n<p>[\/vc_column_text][vc_empty_space height=&#8221;50&#8243;][vc_separator type=&#8221;normal&#8221; color=&#8221;#eaeaea&#8221; up=&#8221;10&#8243; down=&#8221;10&#8243;][vc_empty_space]<a  itemprop=\"url\" href=\"http:\/\/www.medovlog.com\/wp-content\/uploads\/2017\/06\/Terms-and-Conditions-Medov-Logistics-.pdf\" target=\"_blank\"  class=\"qbutton  big_large_full_width center default\" style=\"\">Terms and Conditions Medov Logistics<i class=\"qode_icon_font_awesome fa fa-download qode_button_icon_element\"><\/i><\/a>[vc_empty_space][\/vc_column][\/vc_row]<\/p>\n<\/div>","protected":false},"excerpt":{"rendered":"<p>[vc_row css_animation=&#8221;&#8221; row_type=&#8221;row&#8221; use_row_as_full_screen_section=&#8221;no&#8221; type=&#8221;grid&#8221; angled_section=&#8221;no&#8221; text_align=&#8221;left&#8221; background_image_as_pattern=&#8221;without_pattern&#8221;][vc_column][vc_empty_space height=&#8221;50&#8243;][vc_separator type=&#8221;normal&#8221; color=&#8221;#eaeaea&#8221; up=&#8221;10&#8243; down=&#8221;10&#8243;][vc_column_text css=&#8221;.vc_custom_1464084504496{background-color: #f9f9f9 !important;}&#8221;] TRASPORTI VIA AEREA [\/vc_column_text][vc_separator type=&#8221;normal&#8221; color=&#8221;#eaeaea&#8221; up=&#8221;10&#8243; down=&#8221;10&#8243;][vc_column_text] Le spedizioni aeree non sono tutte uguali, talvolta \u00e8 necessaria la massima velocit\u00e0, talvolta bisogna semplicemente risparmiare sui costi. Medov Logistics&#8230;<\/p>\n","protected":false},"author":1,"featured_media":0,"parent":0,"menu_order":0,"comment_status":"open","ping_status":"open","template":"full_width.php","meta":{"footnotes":""},"class_list":["post-15908","page","type-page","status-publish","hentry"],"_links":{"self":[{"href":"https:\/\/www.medovlog.com\/it\/wp-json\/wp\/v2\/pages\/15908\/"}],"collection":[{"href":"https:\/\/www.medovlog.com\/it\/wp-json\/wp\/v2\/pages\/"}],"about":[{"href":"https:\/\/www.medovlog.com\/it\/wp-json\/wp\/v2\/types\/page\/"}],"author":[{"embeddable":true,"href":"https:\/\/www.medovlog.com\/it\/wp-json\/wp\/v2\/users\/1\/"}],"replies":[{"embeddable":true,"href":"https:\/\/www.medovlog.com\/it\/wp-json\/wp\/v2\/comments\/?post=15908"}],"version-history":[{"count":11,"href":"https:\/\/www.medovlog.com\/it\/wp-json\/wp\/v2\/pages\/15908\/revisions\/"}],"predecessor-version":[{"id":15993,"href":"https:\/\/www.medovlog.com\/it\/wp-json\/wp\/v2\/pages\/15908\/revisions\/15993\/"}],"wp:attachment":[{"href":"https:\/\/www.medovlog.com\/it\/wp-json\/wp\/v2\/media\/?parent=15908"}],"curies":[{"name":"wp","href":"https:\/\/api.w.org\/{rel}","templated":true}]}}